
{"id":1736,"date":"2017-06-28T19:39:10","date_gmt":"2017-06-28T22:09:10","guid":{"rendered":"http:\/\/master.commercial.dlcserver.com\/fr\/?page_id=1736"},"modified":"2017-10-12T20:58:41","modified_gmt":"2017-10-12T23:28:41","slug":"types-de-prets-hypothecaires-commerciaux","status":"publish","type":"page","link":"https:\/\/craigposnikoff.ca\/fr\/types-de-prets-hypothecaires-commerciaux\/","title":{"rendered":"Types de pr\u00eats hypoth\u00e9caires commerciaux"},"content":{"rendered":"<h2> Pr\u00eats hypoth\u00e9caires \u00e0 dur\u00e9e commerciale <\/h2>\n<p>Un p\u00f4le d&rsquo;activit\u00e9 de financement de Dominion Prending Centers Commercial est en train de n\u00e9gocier des pr\u00eats hypoth\u00e9caires \u00e0 long terme pour les immeubles d&rsquo;habitation, les centres commerciaux, les immeubles de bureaux et les propri\u00e9t\u00e9s industrielles. Nos courtiers recherchent toujours des moyens innovants pour minimiser le co\u00fbt des fonds et r\u00e9pondre \u00e0 d&rsquo;autres besoins uniques de l&#8217;emprunteur, tels que des garanties limit\u00e9es, des fonds avant le bail et la fixation des taux d&rsquo;int\u00e9r\u00eat avant la fin des projets de d\u00e9veloppement. Nos clients institutionnels fournissent le financement \u00e0 long terme le plus \u00e9conomique sur le march\u00e9 sur le produit conventionnel et le produit assur\u00e9 par la SCHL.<\/p>\n<h2> Hypoth\u00e8ques assur\u00e9es par la SCHL: <\/h2>\n<p>Dominion Lending Centers Commercial sont des experts pour obtenir des financements hypoth\u00e9caires directement aupr\u00e8s de la SCHL. Ce financement assur\u00e9 offre des \u00e9conomies consid\u00e9rables \u00e0 l&#8217;emprunteur en ce sens qu&rsquo;il offre souvent un co\u00fbt global beaucoup plus faible d&#8217;emprunt.<\/p>\n<h2> La SCHL assurera les types de pr\u00eats de construction suivants: <\/h2>\n<ul>\n\u00a0\u00a0<\/p>\n<li> Condominiums de grande hauteur et demi-hauteur <\/li>\n<p>\u00a0\u00a0<\/p>\n<li> Propri\u00e9t\u00e9s en pleine propri\u00e9t\u00e9 (am\u00e9nagements unifamiliaux, maisons en rang\u00e9e, etc.) <\/li>\n<p>\u00a0\u00a0<\/p>\n<li> Appartements \/ condominiums \u00e0 construire \u00e0 des fins de location <\/li>\n<p>\u00a0\u00a0<\/p>\n<li> Retraite et d\u00e9veloppement de la maison de soins infirmiers <\/li>\n<p>\u00a0\u00a0<\/p>\n<li> D\u00e9veloppement de propri\u00e9t\u00e9s d&rsquo;utilisation mixte, o\u00f9 le composant r\u00e9sidentiel repr\u00e9sente au moins 80% du projet global. <\/li>\n<li> D\u00e9veloppement immobilier r\u00e9sidentiel <\/li>\n<\/ul>\n<h2> Financement de la construction: <\/h2>\n<p>Dominion Lending Centers Commercial a organis\u00e9 un financement de la construction pour certains des plus grands projets sur le march\u00e9. Notre expertise dans le financement de la construction s&rsquo;\u00e9tend \u00e0 la fois aux pr\u00eats conventionnels et \u00e0 ceux assur\u00e9s par la Soci\u00e9t\u00e9 canadienne d&rsquo;hypoth\u00e8ques et de logement.<\/p>\n<h2> Mezzanine \/ Financement secondaire: <\/h2>\n<p>Dominion Lending Centers Commercial a des fonds internes pour la mezzanine et le financement secondaire en fonction des besoins de nos clients. Dans certains cas, nous pouvons financer jusqu&rsquo;\u00e0 100% des co\u00fbts d&rsquo;un projet. Cet acc\u00e8s \u00e0 nos fonds et fonds immobiliers partout au Canada nous permet de r\u00e9pondre rapidement aux exigences du march\u00e9 et aux besoins des clients, qu&rsquo;il s&rsquo;agisse d&rsquo;un petit contrat \u00e0 terme commercial ou d&rsquo;une grande infrastructure de construction, nous avons la capacit\u00e9 de profiter des besoins de nos clients.<\/p>\n<h2> \u00c9tablissements de soins et logements pour a\u00een\u00e9s: <\/h2>\n<p>Il s&rsquo;agit d&rsquo;un domaine en expansion et Dominion Lending Centers Commercial a de l&rsquo;exp\u00e9rience dans le financement de tous les types de logements pour personnes \u00e2g\u00e9es et les \u00e9tablissements de soins de sant\u00e9. Les types de financement que nous organisons comprennent les hypoth\u00e8ques commerciales \u00e0 long terme, le financement de la construction, l&rsquo;\u00e9quit\u00e9 et le financement secondaire. En combinant notre compr\u00e9hension des march\u00e9s de capitaux avec notre connaissance de cette industrie unique, nous pouvons garantir les taux d&rsquo;int\u00e9r\u00eat les plus bas avec les conditions de pr\u00eat les plus favorables.<\/p>\n","protected":false},"excerpt":{"rendered":"<p>Pr\u00eats hypoth\u00e9caires \u00e0 dur\u00e9e commerciale Un p\u00f4le d&rsquo;activit\u00e9 de financement de Dominion Prending Centers Commercial est en train de n\u00e9gocier des pr\u00eats hypoth\u00e9caires \u00e0 long terme pour les immeubles d&rsquo;habitation, les centres commerciaux, les immeubles de bureaux et les propri\u00e9t\u00e9s industrielles. Nos courtiers recherchent toujours des moyens innovants pour minimiser le co\u00fbt des fonds et [&hellip;]<\/p>\n","protected":false},"author":1,"featured_media":1777,"parent":0,"menu_order":0,"comment_status":"closed","ping_status":"closed","template":"","meta":[],"yoast_head":"<!-- This site is optimized with the Yoast SEO plugin v17.1 - https:\/\/yoast.com\/wordpress\/plugins\/seo\/ -->\n<meta name=\"robots\" content=\"index, follow, max-snippet:-1, max-image-preview:large, max-video-preview:-1\" \/>\n<link rel=\"canonical\" href=\"https:\/\/craigposnikoff.ca\/fr\/types-de-prets-hypothecaires-commerciaux\/\" \/>\n<meta property=\"og:locale\" content=\"fr_FR\" \/>\n<meta property=\"og:type\" content=\"article\" \/>\n<meta property=\"og:title\" content=\"Types de pr\u00eats hypoth\u00e9caires commerciaux - Dominion Lending Centres\" \/>\n<meta property=\"og:description\" content=\"Pr\u00eats hypoth\u00e9caires \u00e0 dur\u00e9e commerciale Un p\u00f4le d&rsquo;activit\u00e9 de financement de Dominion Prending Centers Commercial est en train de n\u00e9gocier des pr\u00eats hypoth\u00e9caires \u00e0 long terme pour les immeubles d&rsquo;habitation, les centres commerciaux, les immeubles de bureaux et les propri\u00e9t\u00e9s industrielles. Nos courtiers recherchent toujours des moyens innovants pour minimiser le co\u00fbt des fonds et [&hellip;]\" \/>\n<meta property=\"og:url\" content=\"https:\/\/craigposnikoff.ca\/fr\/types-de-prets-hypothecaires-commerciaux\/\" \/>\n<meta property=\"og:site_name\" content=\"Dominion Lending Centres\" \/>\n<meta property=\"article:modified_time\" content=\"2017-10-12T23:28:41+00:00\" \/>\n<meta property=\"og:image\" content=\"https:\/\/craigposnikoff.ca\/wp-content\/uploads\/2017\/06\/office.jpg\" \/>\n\t<meta property=\"og:image:width\" content=\"2000\" \/>\n\t<meta property=\"og:image:height\" content=\"1048\" \/>\n<meta name=\"twitter:card\" content=\"summary\" \/>\n<meta name=\"twitter:label1\" content=\"Dur\u00e9e de lecture est.\" \/>\n\t<meta name=\"twitter:data1\" content=\"2 minutes\" \/>\n<script type=\"application\/ld+json\" class=\"yoast-schema-graph\">{\"@context\":\"https:\/\/schema.org\",\"@graph\":[{\"@type\":\"WebSite\",\"@id\":\"https:\/\/craigposnikoff.ca\/#website\",\"url\":\"https:\/\/craigposnikoff.ca\/\",\"name\":\"Dominion Lending Centres\",\"description\":\"Broker Website\",\"potentialAction\":[{\"@type\":\"SearchAction\",\"target\":{\"@type\":\"EntryPoint\",\"urlTemplate\":\"https:\/\/craigposnikoff.ca\/?s={search_term_string}\"},\"query-input\":\"required name=search_term_string\"}],\"inLanguage\":\"fr-FR\"},{\"@type\":\"ImageObject\",\"@id\":\"https:\/\/craigposnikoff.ca\/fr\/types-de-prets-hypothecaires-commerciaux\/#primaryimage\",\"inLanguage\":\"fr-FR\",\"url\":\"https:\/\/craigposnikoff.ca\/wp-content\/uploads\/2017\/06\/office.jpg\",\"contentUrl\":\"https:\/\/craigposnikoff.ca\/wp-content\/uploads\/2017\/06\/office.jpg\",\"width\":2000,\"height\":1048},{\"@type\":\"WebPage\",\"@id\":\"https:\/\/craigposnikoff.ca\/fr\/types-de-prets-hypothecaires-commerciaux\/#webpage\",\"url\":\"https:\/\/craigposnikoff.ca\/fr\/types-de-prets-hypothecaires-commerciaux\/\",\"name\":\"Types de pr\\u00eats hypoth\\u00e9caires commerciaux - Dominion Lending Centres\",\"isPartOf\":{\"@id\":\"https:\/\/craigposnikoff.ca\/#website\"},\"primaryImageOfPage\":{\"@id\":\"https:\/\/craigposnikoff.ca\/fr\/types-de-prets-hypothecaires-commerciaux\/#primaryimage\"},\"datePublished\":\"2017-06-28T22:09:10+00:00\",\"dateModified\":\"2017-10-12T23:28:41+00:00\",\"breadcrumb\":{\"@id\":\"https:\/\/craigposnikoff.ca\/fr\/types-de-prets-hypothecaires-commerciaux\/#breadcrumb\"},\"inLanguage\":\"fr-FR\",\"potentialAction\":[{\"@type\":\"ReadAction\",\"target\":[\"https:\/\/craigposnikoff.ca\/fr\/types-de-prets-hypothecaires-commerciaux\/\"]}]},{\"@type\":\"BreadcrumbList\",\"@id\":\"https:\/\/craigposnikoff.ca\/fr\/types-de-prets-hypothecaires-commerciaux\/#breadcrumb\",\"itemListElement\":[{\"@type\":\"ListItem\",\"position\":1,\"name\":\"Home\",\"item\":\"https:\/\/craigposnikoff.ca\/fr\/\"},{\"@type\":\"ListItem\",\"position\":2,\"name\":\"Types de pr\\u00eats hypoth\\u00e9caires commerciaux\"}]}]}<\/script>\n<!-- \/ Yoast SEO plugin. -->","yoast_head_json":{"robots":{"index":"index","follow":"follow","max-snippet":"max-snippet:-1","max-image-preview":"max-image-preview:large","max-video-preview":"max-video-preview:-1"},"canonical":"https:\/\/craigposnikoff.ca\/fr\/types-de-prets-hypothecaires-commerciaux\/","og_locale":"fr_FR","og_type":"article","og_title":"Types de pr\u00eats hypoth\u00e9caires commerciaux - Dominion Lending Centres","og_description":"Pr\u00eats hypoth\u00e9caires \u00e0 dur\u00e9e commerciale Un p\u00f4le d&rsquo;activit\u00e9 de financement de Dominion Prending Centers Commercial est en train de n\u00e9gocier des pr\u00eats hypoth\u00e9caires \u00e0 long terme pour les immeubles d&rsquo;habitation, les centres commerciaux, les immeubles de bureaux et les propri\u00e9t\u00e9s industrielles. Nos courtiers recherchent toujours des moyens innovants pour minimiser le co\u00fbt des fonds et [&hellip;]","og_url":"https:\/\/craigposnikoff.ca\/fr\/types-de-prets-hypothecaires-commerciaux\/","og_site_name":"Dominion Lending Centres","article_modified_time":"2017-10-12T23:28:41+00:00","og_image":[{"width":2000,"height":1048,"url":"https:\/\/craigposnikoff.ca\/wp-content\/uploads\/2017\/06\/office.jpg","path":"\/var\/www\/sites\/wps\/sites\/code\/wp-content\/uploads\/2017\/06\/office.jpg","size":"full","id":1777,"alt":"","pixels":2096000,"type":"image\/jpeg"}],"twitter_card":"summary","twitter_misc":{"Dur\u00e9e de lecture est.":"2 minutes"},"schema":{"@context":"https:\/\/schema.org","@graph":[{"@type":"WebSite","@id":"https:\/\/craigposnikoff.ca\/#website","url":"https:\/\/craigposnikoff.ca\/","name":"Dominion Lending Centres","description":"Broker Website","potentialAction":[{"@type":"SearchAction","target":{"@type":"EntryPoint","urlTemplate":"https:\/\/craigposnikoff.ca\/?s={search_term_string}"},"query-input":"required name=search_term_string"}],"inLanguage":"fr-FR"},{"@type":"ImageObject","@id":"https:\/\/craigposnikoff.ca\/fr\/types-de-prets-hypothecaires-commerciaux\/#primaryimage","inLanguage":"fr-FR","url":"https:\/\/craigposnikoff.ca\/wp-content\/uploads\/2017\/06\/office.jpg","contentUrl":"https:\/\/craigposnikoff.ca\/wp-content\/uploads\/2017\/06\/office.jpg","width":2000,"height":1048},{"@type":"WebPage","@id":"https:\/\/craigposnikoff.ca\/fr\/types-de-prets-hypothecaires-commerciaux\/#webpage","url":"https:\/\/craigposnikoff.ca\/fr\/types-de-prets-hypothecaires-commerciaux\/","name":"Types de pr\u00eats hypoth\u00e9caires commerciaux - Dominion Lending Centres","isPartOf":{"@id":"https:\/\/craigposnikoff.ca\/#website"},"primaryImageOfPage":{"@id":"https:\/\/craigposnikoff.ca\/fr\/types-de-prets-hypothecaires-commerciaux\/#primaryimage"},"datePublished":"2017-06-28T22:09:10+00:00","dateModified":"2017-10-12T23:28:41+00:00","breadcrumb":{"@id":"https:\/\/craigposnikoff.ca\/fr\/types-de-prets-hypothecaires-commerciaux\/#breadcrumb"},"inLanguage":"fr-FR","potentialAction":[{"@type":"ReadAction","target":["https:\/\/craigposnikoff.ca\/fr\/types-de-prets-hypothecaires-commerciaux\/"]}]},{"@type":"BreadcrumbList","@id":"https:\/\/craigposnikoff.ca\/fr\/types-de-prets-hypothecaires-commerciaux\/#breadcrumb","itemListElement":[{"@type":"ListItem","position":1,"name":"Home","item":"https:\/\/craigposnikoff.ca\/fr\/"},{"@type":"ListItem","position":2,"name":"Types de pr\u00eats hypoth\u00e9caires commerciaux"}]}]}},"_links":{"self":[{"href":"https:\/\/craigposnikoff.ca\/fr\/wp-json\/wp\/v2\/pages\/1736"}],"collection":[{"href":"https:\/\/craigposnikoff.ca\/fr\/wp-json\/wp\/v2\/pages"}],"about":[{"href":"https:\/\/craigposnikoff.ca\/fr\/wp-json\/wp\/v2\/types\/page"}],"author":[{"embeddable":true,"href":"https:\/\/craigposnikoff.ca\/fr\/wp-json\/wp\/v2\/users\/1"}],"replies":[{"embeddable":true,"href":"https:\/\/craigposnikoff.ca\/fr\/wp-json\/wp\/v2\/comments?post=1736"}],"version-history":[{"count":2,"href":"https:\/\/craigposnikoff.ca\/fr\/wp-json\/wp\/v2\/pages\/1736\/revisions"}],"predecessor-version":[{"id":1766,"href":"https:\/\/craigposnikoff.ca\/fr\/wp-json\/wp\/v2\/pages\/1736\/revisions\/1766"}],"wp:featuredmedia":[{"embeddable":true,"href":"https:\/\/craigposnikoff.ca\/fr\/wp-json\/wp\/v2\/media\/1777"}],"wp:attachment":[{"href":"https:\/\/craigposnikoff.ca\/fr\/wp-json\/wp\/v2\/media?parent=1736"}],"curies":[{"name":"wp","href":"https:\/\/api.w.org\/{rel}","templated":true}]}}